{"id":3,"date":"2024-02-09T12:46:17","date_gmt":"2024-02-09T11:46:17","guid":{"rendered":"https:\/\/laborestudiolegal.com\/?page_id=3"},"modified":"2024-02-14T12:07:32","modified_gmt":"2024-02-14T11:07:32","slug":"politica-privacidad","status":"publish","type":"page","link":"https:\/\/laborestudiolegal.com\/cat\/politica-privacidad\/","title":{"rendered":"Pol\u00edtica de privadesa"},"content":{"rendered":"\n<h2 class=\"wp-block-heading\">Qui Som<\/h2>\n\n\n\n<p><strong class=\"privacy-policy-tutorial\"> <\/strong>L&#8217;adre\u00e7a de la nostra web \u00e9s: https:\/\/laborestudiolegal.com\/cat.<\/p>\n\n\n\n<h2 class=\"wp-block-heading\">Cookies<\/h2>\n\n\n\n<p>Quan accedeixis, tamb\u00e9 instal\u00b7larem v\u00e0ries cookies per guardar la teva informaci\u00f3 d&#8217;acc\u00e9s i les teves opcions de visualitzaci\u00f3 de pantalla. Les cookies d&#8217;acc\u00e9s s\u00f3n v\u00e0lides durant dos dies, i les cookies d&#8217;opcions de pantalla un any.<\/p>\n\n\n\n<h2 class=\"wp-block-heading\">Contingut d&#8217;altres llocs webs<\/h2>\n\n\n\n<p><\/p>\n\n\n\n<p>Els articles d&#8217;aquest espai poden incloure contingut incrustat(per exemple, v\u00eddeos, imatges, articles, etc.). El contingut d&#8217;altres webs es comporta exactament de la mateixa manera com si el visitant hagu\u00e9s visitat l&#8217;altra web.<\/p>\n\n\n\n<p>Aquestes webs poden recopilar dades sobre tu, utilitzar cookies, incrustar un seguiment addicional de tercers, i supervisar la teva interacci\u00f3 amb aquest contingut<\/p>\n\n\n\n<p><strong class=\"privacy-policy-tutorial\"> <\/strong><\/p>\n\n\n\n<p><\/p>\n\n\n\n<h2 class=\"wp-block-heading\">Quan de temps conserven les teves dades<\/h2>\n\n\n\n<p>Dels usuaris que es registren a la nostra web( si n&#8217;hi ha), tamb\u00e9 emmagatzemam la informaci\u00f3 personal que proporcionen al seu perfil d&#8217;usuari. Tots els usuaris poden veure, editar i eliminar la seva informaci\u00f3 personal en qualsevol moment (excepte el seu nom d&#8217;usuari). Els administradors de la web tamb\u00e9 poden veure i editar aquesta informaci\u00f3.<\/p>\n\n\n\n<p><\/p>\n\n\n\n<h2 class=\"wp-block-heading\">Quins drets tens sobre les teves dades<\/h2>\n\n\n\n<p><strong class=\"privacy-policy-tutorial\"><\/strong>Si tens un compte o has fet comentaris en aquesta web, pots sol\u00b7licitar un arxiu d&#8217;exportaci\u00f3 de les dades personals que tenim sobre tu, incloent-hi qualsevol dada que ens hagis proporcionat. Tamb\u00e9 pots sol\u00b7licitar que eliminem qualsevol dada personal. Aix\u00f2, no inclou cap dada que h\u00e0gim de conservar obligat\u00f2riament amb fins administratius, legals o de seguretat.<\/p>\n","protected":false},"excerpt":{"rendered":"<p>Qui Som L&#8217;adre\u00e7a de la nostra web \u00e9s: https:\/\/laborestudiolegal.com\/cat. Cookies Quan accedeixis, tamb\u00e9 instal\u00b7larem v\u00e0ries cookies per guardar la teva informaci\u00f3 d&#8217;acc\u00e9s i les teves opcions de visualitzaci\u00f3 de pantalla. Les cookies d&#8217;acc\u00e9s s\u00f3n v\u00e0lides durant dos dies, i les cookies d&#8217;opcions de pantalla un any. Contingut d&#8217;altres llocs webs Els articles d&#8217;aquest espai poden [&hellip;]<\/p>\n","protected":false},"author":1,"featured_media":0,"parent":0,"menu_order":0,"comment_status":"closed","ping_status":"open","template":"","meta":{"footnotes":""},"class_list":["post-3","page","type-page","status-publish","czr-hentry"],"yoast_head":"<!-- This site is optimized with the Yoast SEO plugin v24.9 - https:\/\/yoast.com\/wordpress\/plugins\/seo\/ -->\n<title>Pol\u00edtica de privadesa -<\/title>\n<meta name=\"robots\" content=\"index, follow, max-snippet:-1, max-image-preview:large, max-video-preview:-1\" \/>\n<link rel=\"canonical\" href=\"https:\/\/laborestudiolegal.com\/cat\/politica-privacidad\/\" \/>\n<meta property=\"og:locale\" content=\"es_ES\" \/>\n<meta property=\"og:type\" content=\"article\" \/>\n<meta property=\"og:title\" content=\"Pol\u00edtica de privadesa -\" \/>\n<meta property=\"og:description\" content=\"Qui Som L&#8217;adre\u00e7a de la nostra web \u00e9s: https:\/\/laborestudiolegal.com\/cat. Cookies Quan accedeixis, tamb\u00e9 instal\u00b7larem v\u00e0ries cookies per guardar la teva informaci\u00f3 d&#8217;acc\u00e9s i les teves opcions de visualitzaci\u00f3 de pantalla. Les cookies d&#8217;acc\u00e9s s\u00f3n v\u00e0lides durant dos dies, i les cookies d&#8217;opcions de pantalla un any. Contingut d&#8217;altres llocs webs Els articles d&#8217;aquest espai poden [&hellip;]\" \/>\n<meta property=\"og:url\" content=\"https:\/\/laborestudiolegal.com\/cat\/politica-privacidad\/\" \/>\n<meta property=\"article:modified_time\" content=\"2024-02-14T11:07:32+00:00\" \/>\n<meta name=\"twitter:card\" content=\"summary_large_image\" \/>\n<meta name=\"twitter:label1\" content=\"Tiempo de lectura\" \/>\n\t<meta name=\"twitter:data1\" content=\"2 minutos\" \/>\n<script type=\"application\/ld+json\" class=\"yoast-schema-graph\">{\"@context\":\"https:\/\/schema.org\",\"@graph\":[{\"@type\":\"WebPage\",\"@id\":\"https:\/\/laborestudiolegal.com\/cat\/politica-privacidad\/\",\"url\":\"https:\/\/laborestudiolegal.com\/cat\/politica-privacidad\/\",\"name\":\"Pol\u00edtica de privadesa -\",\"isPartOf\":{\"@id\":\"https:\/\/laborestudiolegal.com\/cat\/#website\"},\"datePublished\":\"2024-02-09T11:46:17+00:00\",\"dateModified\":\"2024-02-14T11:07:32+00:00\",\"breadcrumb\":{\"@id\":\"https:\/\/laborestudiolegal.com\/cat\/politica-privacidad\/#breadcrumb\"},\"inLanguage\":\"es\",\"potentialAction\":[{\"@type\":\"ReadAction\",\"target\":[\"https:\/\/laborestudiolegal.com\/cat\/politica-privacidad\/\"]}]},{\"@type\":\"BreadcrumbList\",\"@id\":\"https:\/\/laborestudiolegal.com\/cat\/politica-privacidad\/#breadcrumb\",\"itemListElement\":[{\"@type\":\"ListItem\",\"position\":1,\"name\":\"Portada\",\"item\":\"https:\/\/laborestudiolegal.com\/cat\/\"},{\"@type\":\"ListItem\",\"position\":2,\"name\":\"Pol\u00edtica de privadesa\"}]},{\"@type\":\"WebSite\",\"@id\":\"https:\/\/laborestudiolegal.com\/cat\/#website\",\"url\":\"https:\/\/laborestudiolegal.com\/cat\/\",\"name\":\"\",\"description\":\"\",\"potentialAction\":[{\"@type\":\"SearchAction\",\"target\":{\"@type\":\"EntryPoint\",\"urlTemplate\":\"https:\/\/laborestudiolegal.com\/cat\/?s={search_term_string}\"},\"query-input\":{\"@type\":\"PropertyValueSpecification\",\"valueRequired\":true,\"valueName\":\"search_term_string\"}}],\"inLanguage\":\"es\"}]}<\/script>\n<!-- \/ Yoast SEO plugin. -->","yoast_head_json":{"title":"Pol\u00edtica de privadesa -","robots":{"index":"index","follow":"follow","max-snippet":"max-snippet:-1","max-image-preview":"max-image-preview:large","max-video-preview":"max-video-preview:-1"},"canonical":"https:\/\/laborestudiolegal.com\/cat\/politica-privacidad\/","og_locale":"es_ES","og_type":"article","og_title":"Pol\u00edtica de privadesa -","og_description":"Qui Som L&#8217;adre\u00e7a de la nostra web \u00e9s: https:\/\/laborestudiolegal.com\/cat. Cookies Quan accedeixis, tamb\u00e9 instal\u00b7larem v\u00e0ries cookies per guardar la teva informaci\u00f3 d&#8217;acc\u00e9s i les teves opcions de visualitzaci\u00f3 de pantalla. Les cookies d&#8217;acc\u00e9s s\u00f3n v\u00e0lides durant dos dies, i les cookies d&#8217;opcions de pantalla un any. Contingut d&#8217;altres llocs webs Els articles d&#8217;aquest espai poden [&hellip;]","og_url":"https:\/\/laborestudiolegal.com\/cat\/politica-privacidad\/","article_modified_time":"2024-02-14T11:07:32+00:00","twitter_card":"summary_large_image","twitter_misc":{"Tiempo de lectura":"2 minutos"},"schema":{"@context":"https:\/\/schema.org","@graph":[{"@type":"WebPage","@id":"https:\/\/laborestudiolegal.com\/cat\/politica-privacidad\/","url":"https:\/\/laborestudiolegal.com\/cat\/politica-privacidad\/","name":"Pol\u00edtica de privadesa -","isPartOf":{"@id":"https:\/\/laborestudiolegal.com\/cat\/#website"},"datePublished":"2024-02-09T11:46:17+00:00","dateModified":"2024-02-14T11:07:32+00:00","breadcrumb":{"@id":"https:\/\/laborestudiolegal.com\/cat\/politica-privacidad\/#breadcrumb"},"inLanguage":"es","potentialAction":[{"@type":"ReadAction","target":["https:\/\/laborestudiolegal.com\/cat\/politica-privacidad\/"]}]},{"@type":"BreadcrumbList","@id":"https:\/\/laborestudiolegal.com\/cat\/politica-privacidad\/#breadcrumb","itemListElement":[{"@type":"ListItem","position":1,"name":"Portada","item":"https:\/\/laborestudiolegal.com\/cat\/"},{"@type":"ListItem","position":2,"name":"Pol\u00edtica de privadesa"}]},{"@type":"WebSite","@id":"https:\/\/laborestudiolegal.com\/cat\/#website","url":"https:\/\/laborestudiolegal.com\/cat\/","name":"","description":"","potentialAction":[{"@type":"SearchAction","target":{"@type":"EntryPoint","urlTemplate":"https:\/\/laborestudiolegal.com\/cat\/?s={search_term_string}"},"query-input":{"@type":"PropertyValueSpecification","valueRequired":true,"valueName":"search_term_string"}}],"inLanguage":"es"}]}},"_links":{"self":[{"href":"https:\/\/laborestudiolegal.com\/cat\/wp-json\/wp\/v2\/pages\/3","targetHints":{"allow":["GET"]}}],"collection":[{"href":"https:\/\/laborestudiolegal.com\/cat\/wp-json\/wp\/v2\/pages"}],"about":[{"href":"https:\/\/laborestudiolegal.com\/cat\/wp-json\/wp\/v2\/types\/page"}],"author":[{"embeddable":true,"href":"https:\/\/laborestudiolegal.com\/cat\/wp-json\/wp\/v2\/users\/1"}],"replies":[{"embeddable":true,"href":"https:\/\/laborestudiolegal.com\/cat\/wp-json\/wp\/v2\/comments?post=3"}],"version-history":[{"count":9,"href":"https:\/\/laborestudiolegal.com\/cat\/wp-json\/wp\/v2\/pages\/3\/revisions"}],"predecessor-version":[{"id":265,"href":"https:\/\/laborestudiolegal.com\/cat\/wp-json\/wp\/v2\/pages\/3\/revisions\/265"}],"wp:attachment":[{"href":"https:\/\/laborestudiolegal.com\/cat\/wp-json\/wp\/v2\/media?parent=3"}],"curies":[{"name":"wp","href":"https:\/\/api.w.org\/{rel}","templated":true}]}}