{"id":21,"date":"2024-02-09T12:52:57","date_gmt":"2024-02-09T11:52:57","guid":{"rendered":"https:\/\/laborestudiolegal.com\/?page_id=21"},"modified":"2025-09-02T11:29:36","modified_gmt":"2025-09-02T09:29:36","slug":"contacte-abvocats-laboralistes","status":"publish","type":"page","link":"https:\/\/laborestudiolegal.com\/cat\/contacte-abvocats-laboralistes\/","title":{"rendered":"Contacte"},"content":{"rendered":"\n<p>Aquest despatx t\u00e9 oficina a Mollet del Vall\u00e8s, l&#8217;adre\u00e7a &nbsp;i tel\u00e8fon s&#8217;indiquen a continuaci\u00f3:<br>LABOR ESTUDIO LEGAL<br><a href=\"mailto:info@laborestudiolegal.com\">info@laborestudiolegal.com<\/a><br>Rambla Fiveller n\u00fam. 3, 1er. 3\u00aa, (08100) Mollet del Vall\u00e8s, Tel\u00e8f. 93 570 58 10<br>A 60 mts de l&#8217;antic despaxt de Jaume I.<\/p>\n\n\n\n<p><\/p>\n\n\n\n\n\n<iframe src=\"https:\/\/www.google.com\/maps\/embed?pb=!1m18!1m12!1m3!1d2986.439103853262!2d2.209511076407422!3d41.538088886633446!2m3!1f0!2f0!3f0!3m2!1i1024!2i768!4f13.1!3m3!1m2!1s0x12a4bed85b7ab0c7%3A0x339e1aa836b63012!2sLabor%20Estudio%20Legal!5e0!3m2!1ses!2ses!4v1715178461524!5m2!1ses!2ses\" width=\"600\" height=\"450\" style=\"border:0;\" allowfullscreen=\"\" loading=\"lazy\" referrerpolicy=\"no-referrer-when-downgrade\"><\/iframe>\n","protected":false},"excerpt":{"rendered":"<p>Aquest despatx t\u00e9 oficina a Mollet del Vall\u00e8s, l&#8217;adre\u00e7a &nbsp;i tel\u00e8fon s&#8217;indiquen a continuaci\u00f3:LABOR ESTUDIO LEGALinfo@laborestudiolegal.comRambla Fiveller n\u00fam. 3, 1er. 3\u00aa, (08100) Mollet del Vall\u00e8s, Tel\u00e8f. 93 570 58 10A 60 mts de l&#8217;antic despaxt de Jaume I.<\/p>\n","protected":false},"author":1,"featured_media":64,"parent":0,"menu_order":0,"comment_status":"closed","ping_status":"closed","template":"","meta":{"footnotes":""},"class_list":["post-21","page","type-page","status-publish","has-post-thumbnail","czr-hentry"],"yoast_head":"<!-- This site is optimized with the Yoast SEO plugin v24.9 - https:\/\/yoast.com\/wordpress\/plugins\/seo\/ -->\n<title>Contacte -<\/title>\n<meta name=\"description\" content=\"Despatx especialista en conflictes laborals. Contacta amb nosaltres. Rambla Fiveller, 3 de Mollet del Vall\u00e9s. Tel\u00e8f. 93 570 58 10\" \/>\n<meta name=\"robots\" content=\"index, follow, max-snippet:-1, max-image-preview:large, max-video-preview:-1\" \/>\n<link rel=\"canonical\" href=\"https:\/\/laborestudiolegal.com\/cat\/contacte-abvocats-laboralistes\/\" \/>\n<meta property=\"og:locale\" content=\"es_ES\" \/>\n<meta property=\"og:type\" content=\"article\" \/>\n<meta property=\"og:title\" content=\"Contacte -\" \/>\n<meta property=\"og:description\" content=\"Despatx especialista en conflictes laborals. Contacta amb nosaltres. Rambla Fiveller, 3 de Mollet del Vall\u00e9s. Tel\u00e8f. 93 570 58 10\" \/>\n<meta property=\"og:url\" content=\"https:\/\/laborestudiolegal.com\/cat\/contacte-abvocats-laboralistes\/\" \/>\n<meta property=\"article:modified_time\" content=\"2025-09-02T09:29:36+00:00\" \/>\n<meta property=\"og:image\" content=\"https:\/\/laborestudiolegal.com\/cat\/wp-content\/uploads\/2024\/02\/1137473491-8986.jpg\" \/>\n\t<meta property=\"og:image:width\" content=\"640\" \/>\n\t<meta property=\"og:image:height\" content=\"454\" \/>\n\t<meta property=\"og:image:type\" content=\"image\/jpeg\" \/>\n<meta name=\"twitter:card\" content=\"summary_large_image\" \/>\n<meta name=\"twitter:label1\" content=\"Tiempo de lectura\" \/>\n\t<meta name=\"twitter:data1\" content=\"1 minuto\" \/>\n<script type=\"application\/ld+json\" class=\"yoast-schema-graph\">{\"@context\":\"https:\/\/schema.org\",\"@graph\":[{\"@type\":\"WebPage\",\"@id\":\"https:\/\/laborestudiolegal.com\/cat\/contacte-abvocats-laboralistes\/\",\"url\":\"https:\/\/laborestudiolegal.com\/cat\/contacte-abvocats-laboralistes\/\",\"name\":\"Contacte -\",\"isPartOf\":{\"@id\":\"https:\/\/laborestudiolegal.com\/cat\/#website\"},\"primaryImageOfPage\":{\"@id\":\"https:\/\/laborestudiolegal.com\/cat\/contacte-abvocats-laboralistes\/#primaryimage\"},\"image\":{\"@id\":\"https:\/\/laborestudiolegal.com\/cat\/contacte-abvocats-laboralistes\/#primaryimage\"},\"thumbnailUrl\":\"https:\/\/laborestudiolegal.com\/cat\/wp-content\/uploads\/2024\/02\/1137473491-8986.jpg\",\"datePublished\":\"2024-02-09T11:52:57+00:00\",\"dateModified\":\"2025-09-02T09:29:36+00:00\",\"description\":\"Despatx especialista en conflictes laborals. Contacta amb nosaltres. Rambla Fiveller, 3 de Mollet del Vall\u00e9s. Tel\u00e8f. 93 570 58 10\",\"breadcrumb\":{\"@id\":\"https:\/\/laborestudiolegal.com\/cat\/contacte-abvocats-laboralistes\/#breadcrumb\"},\"inLanguage\":\"es\",\"potentialAction\":[{\"@type\":\"ReadAction\",\"target\":[\"https:\/\/laborestudiolegal.com\/cat\/contacte-abvocats-laboralistes\/\"]}]},{\"@type\":\"ImageObject\",\"inLanguage\":\"es\",\"@id\":\"https:\/\/laborestudiolegal.com\/cat\/contacte-abvocats-laboralistes\/#primaryimage\",\"url\":\"https:\/\/laborestudiolegal.com\/cat\/wp-content\/uploads\/2024\/02\/1137473491-8986.jpg\",\"contentUrl\":\"https:\/\/laborestudiolegal.com\/cat\/wp-content\/uploads\/2024\/02\/1137473491-8986.jpg\",\"width\":640,\"height\":454},{\"@type\":\"BreadcrumbList\",\"@id\":\"https:\/\/laborestudiolegal.com\/cat\/contacte-abvocats-laboralistes\/#breadcrumb\",\"itemListElement\":[{\"@type\":\"ListItem\",\"position\":1,\"name\":\"Portada\",\"item\":\"https:\/\/laborestudiolegal.com\/cat\/\"},{\"@type\":\"ListItem\",\"position\":2,\"name\":\"Contacte\"}]},{\"@type\":\"WebSite\",\"@id\":\"https:\/\/laborestudiolegal.com\/cat\/#website\",\"url\":\"https:\/\/laborestudiolegal.com\/cat\/\",\"name\":\"\",\"description\":\"\",\"potentialAction\":[{\"@type\":\"SearchAction\",\"target\":{\"@type\":\"EntryPoint\",\"urlTemplate\":\"https:\/\/laborestudiolegal.com\/cat\/?s={search_term_string}\"},\"query-input\":{\"@type\":\"PropertyValueSpecification\",\"valueRequired\":true,\"valueName\":\"search_term_string\"}}],\"inLanguage\":\"es\"}]}<\/script>\n<!-- \/ Yoast SEO plugin. -->","yoast_head_json":{"title":"Contacte -","description":"Despatx especialista en conflictes laborals. Contacta amb nosaltres. Rambla Fiveller, 3 de Mollet del Vall\u00e9s. Tel\u00e8f. 93 570 58 10","robots":{"index":"index","follow":"follow","max-snippet":"max-snippet:-1","max-image-preview":"max-image-preview:large","max-video-preview":"max-video-preview:-1"},"canonical":"https:\/\/laborestudiolegal.com\/cat\/contacte-abvocats-laboralistes\/","og_locale":"es_ES","og_type":"article","og_title":"Contacte -","og_description":"Despatx especialista en conflictes laborals. Contacta amb nosaltres. Rambla Fiveller, 3 de Mollet del Vall\u00e9s. Tel\u00e8f. 93 570 58 10","og_url":"https:\/\/laborestudiolegal.com\/cat\/contacte-abvocats-laboralistes\/","article_modified_time":"2025-09-02T09:29:36+00:00","og_image":[{"width":640,"height":454,"url":"https:\/\/laborestudiolegal.com\/cat\/wp-content\/uploads\/2024\/02\/1137473491-8986.jpg","type":"image\/jpeg"}],"twitter_card":"summary_large_image","twitter_misc":{"Tiempo de lectura":"1 minuto"},"schema":{"@context":"https:\/\/schema.org","@graph":[{"@type":"WebPage","@id":"https:\/\/laborestudiolegal.com\/cat\/contacte-abvocats-laboralistes\/","url":"https:\/\/laborestudiolegal.com\/cat\/contacte-abvocats-laboralistes\/","name":"Contacte -","isPartOf":{"@id":"https:\/\/laborestudiolegal.com\/cat\/#website"},"primaryImageOfPage":{"@id":"https:\/\/laborestudiolegal.com\/cat\/contacte-abvocats-laboralistes\/#primaryimage"},"image":{"@id":"https:\/\/laborestudiolegal.com\/cat\/contacte-abvocats-laboralistes\/#primaryimage"},"thumbnailUrl":"https:\/\/laborestudiolegal.com\/cat\/wp-content\/uploads\/2024\/02\/1137473491-8986.jpg","datePublished":"2024-02-09T11:52:57+00:00","dateModified":"2025-09-02T09:29:36+00:00","description":"Despatx especialista en conflictes laborals. Contacta amb nosaltres. Rambla Fiveller, 3 de Mollet del Vall\u00e9s. Tel\u00e8f. 93 570 58 10","breadcrumb":{"@id":"https:\/\/laborestudiolegal.com\/cat\/contacte-abvocats-laboralistes\/#breadcrumb"},"inLanguage":"es","potentialAction":[{"@type":"ReadAction","target":["https:\/\/laborestudiolegal.com\/cat\/contacte-abvocats-laboralistes\/"]}]},{"@type":"ImageObject","inLanguage":"es","@id":"https:\/\/laborestudiolegal.com\/cat\/contacte-abvocats-laboralistes\/#primaryimage","url":"https:\/\/laborestudiolegal.com\/cat\/wp-content\/uploads\/2024\/02\/1137473491-8986.jpg","contentUrl":"https:\/\/laborestudiolegal.com\/cat\/wp-content\/uploads\/2024\/02\/1137473491-8986.jpg","width":640,"height":454},{"@type":"BreadcrumbList","@id":"https:\/\/laborestudiolegal.com\/cat\/contacte-abvocats-laboralistes\/#breadcrumb","itemListElement":[{"@type":"ListItem","position":1,"name":"Portada","item":"https:\/\/laborestudiolegal.com\/cat\/"},{"@type":"ListItem","position":2,"name":"Contacte"}]},{"@type":"WebSite","@id":"https:\/\/laborestudiolegal.com\/cat\/#website","url":"https:\/\/laborestudiolegal.com\/cat\/","name":"","description":"","potentialAction":[{"@type":"SearchAction","target":{"@type":"EntryPoint","urlTemplate":"https:\/\/laborestudiolegal.com\/cat\/?s={search_term_string}"},"query-input":{"@type":"PropertyValueSpecification","valueRequired":true,"valueName":"search_term_string"}}],"inLanguage":"es"}]}},"_links":{"self":[{"href":"https:\/\/laborestudiolegal.com\/cat\/wp-json\/wp\/v2\/pages\/21","targetHints":{"allow":["GET"]}}],"collection":[{"href":"https:\/\/laborestudiolegal.com\/cat\/wp-json\/wp\/v2\/pages"}],"about":[{"href":"https:\/\/laborestudiolegal.com\/cat\/wp-json\/wp\/v2\/types\/page"}],"author":[{"embeddable":true,"href":"https:\/\/laborestudiolegal.com\/cat\/wp-json\/wp\/v2\/users\/1"}],"replies":[{"embeddable":true,"href":"https:\/\/laborestudiolegal.com\/cat\/wp-json\/wp\/v2\/comments?post=21"}],"version-history":[{"count":14,"href":"https:\/\/laborestudiolegal.com\/cat\/wp-json\/wp\/v2\/pages\/21\/revisions"}],"predecessor-version":[{"id":324,"href":"https:\/\/laborestudiolegal.com\/cat\/wp-json\/wp\/v2\/pages\/21\/revisions\/324"}],"wp:featuredmedia":[{"embeddable":true,"href":"https:\/\/laborestudiolegal.com\/cat\/wp-json\/wp\/v2\/media\/64"}],"wp:attachment":[{"href":"https:\/\/laborestudiolegal.com\/cat\/wp-json\/wp\/v2\/media?parent=21"}],"curies":[{"name":"wp","href":"https:\/\/api.w.org\/{rel}","templated":true}]}}