{"id":2,"date":"2024-02-09T12:46:17","date_gmt":"2024-02-09T11:46:17","guid":{"rendered":"https:\/\/laborestudiolegal.com\/?page_id=2"},"modified":"2024-02-14T12:13:02","modified_gmt":"2024-02-14T11:13:02","slug":"pagina-ejemplo","status":"publish","type":"page","link":"https:\/\/laborestudiolegal.com\/cat\/pagina-ejemplo\/","title":{"rendered":"Av\u00eds legal"},"content":{"rendered":"\n<p>&nbsp;<\/p>\n\n\n\n<p>1- El titular d&#8217;aquest web \u00e9s LABOR ESTUDIO LEGAL, SCCL., amb N.I.F. F66754870, i domicili a la rambla Fiveller, 3 1er. 3a,  08100 de Mollet del Vall\u00e8s (Barcelona).<br>2- L&#8217; acc\u00e8s al site de LABOR ESTUDIO LEGAL, SCCL. \u00e9s gratuito. Tot el contingut \u00e9s propietat intel\u00b7lectual de LABOR ESTUDIO LEGAL, SCCL.<br><\/p>\n","protected":false},"excerpt":{"rendered":"<p>&nbsp; 1- El titular d&#8217;aquest web \u00e9s LABOR ESTUDIO LEGAL, SCCL., amb N.I.F. F66754870, i domicili a la rambla Fiveller, 3 1er. 3a, 08100 de Mollet del Vall\u00e8s (Barcelona).2- L&#8217; acc\u00e8s al site de LABOR ESTUDIO LEGAL, SCCL. \u00e9s gratuito. Tot el contingut \u00e9s propietat intel\u00b7lectual de LABOR ESTUDIO LEGAL, SCCL.<\/p>\n","protected":false},"author":1,"featured_media":0,"parent":0,"menu_order":0,"comment_status":"closed","ping_status":"open","template":"","meta":{"footnotes":""},"class_list":["post-2","page","type-page","status-publish","czr-hentry"],"yoast_head":"<!-- This site is optimized with the Yoast SEO plugin v24.9 - https:\/\/yoast.com\/wordpress\/plugins\/seo\/ -->\n<title>Av\u00eds legal -<\/title>\n<meta name=\"robots\" content=\"index, follow, max-snippet:-1, max-image-preview:large, max-video-preview:-1\" \/>\n<link rel=\"canonical\" href=\"https:\/\/laborestudiolegal.com\/cat\/pagina-ejemplo\/\" \/>\n<meta property=\"og:locale\" content=\"es_ES\" \/>\n<meta property=\"og:type\" content=\"article\" \/>\n<meta property=\"og:title\" content=\"Av\u00eds legal -\" \/>\n<meta property=\"og:description\" content=\"&nbsp; 1- El titular d&#8217;aquest web \u00e9s LABOR ESTUDIO LEGAL, SCCL., amb N.I.F. F66754870, i domicili a la rambla Fiveller, 3 1er. 3a, 08100 de Mollet del Vall\u00e8s (Barcelona).2- L&#8217; acc\u00e8s al site de LABOR ESTUDIO LEGAL, SCCL. \u00e9s gratuito. Tot el contingut \u00e9s propietat intel\u00b7lectual de LABOR ESTUDIO LEGAL, SCCL.\" \/>\n<meta property=\"og:url\" content=\"https:\/\/laborestudiolegal.com\/cat\/pagina-ejemplo\/\" \/>\n<meta property=\"article:modified_time\" content=\"2024-02-14T11:13:02+00:00\" \/>\n<meta name=\"twitter:card\" content=\"summary_large_image\" \/>\n<meta name=\"twitter:label1\" content=\"Tiempo de lectura\" \/>\n\t<meta name=\"twitter:data1\" content=\"1 minuto\" \/>\n<script type=\"application\/ld+json\" class=\"yoast-schema-graph\">{\"@context\":\"https:\/\/schema.org\",\"@graph\":[{\"@type\":\"WebPage\",\"@id\":\"https:\/\/laborestudiolegal.com\/cat\/pagina-ejemplo\/\",\"url\":\"https:\/\/laborestudiolegal.com\/cat\/pagina-ejemplo\/\",\"name\":\"Av\u00eds legal -\",\"isPartOf\":{\"@id\":\"https:\/\/laborestudiolegal.com\/cat\/#website\"},\"datePublished\":\"2024-02-09T11:46:17+00:00\",\"dateModified\":\"2024-02-14T11:13:02+00:00\",\"breadcrumb\":{\"@id\":\"https:\/\/laborestudiolegal.com\/cat\/pagina-ejemplo\/#breadcrumb\"},\"inLanguage\":\"es\",\"potentialAction\":[{\"@type\":\"ReadAction\",\"target\":[\"https:\/\/laborestudiolegal.com\/cat\/pagina-ejemplo\/\"]}]},{\"@type\":\"BreadcrumbList\",\"@id\":\"https:\/\/laborestudiolegal.com\/cat\/pagina-ejemplo\/#breadcrumb\",\"itemListElement\":[{\"@type\":\"ListItem\",\"position\":1,\"name\":\"Portada\",\"item\":\"https:\/\/laborestudiolegal.com\/cat\/\"},{\"@type\":\"ListItem\",\"position\":2,\"name\":\"Av\u00eds legal\"}]},{\"@type\":\"WebSite\",\"@id\":\"https:\/\/laborestudiolegal.com\/cat\/#website\",\"url\":\"https:\/\/laborestudiolegal.com\/cat\/\",\"name\":\"\",\"description\":\"\",\"potentialAction\":[{\"@type\":\"SearchAction\",\"target\":{\"@type\":\"EntryPoint\",\"urlTemplate\":\"https:\/\/laborestudiolegal.com\/cat\/?s={search_term_string}\"},\"query-input\":{\"@type\":\"PropertyValueSpecification\",\"valueRequired\":true,\"valueName\":\"search_term_string\"}}],\"inLanguage\":\"es\"}]}<\/script>\n<!-- \/ Yoast SEO plugin. -->","yoast_head_json":{"title":"Av\u00eds legal -","robots":{"index":"index","follow":"follow","max-snippet":"max-snippet:-1","max-image-preview":"max-image-preview:large","max-video-preview":"max-video-preview:-1"},"canonical":"https:\/\/laborestudiolegal.com\/cat\/pagina-ejemplo\/","og_locale":"es_ES","og_type":"article","og_title":"Av\u00eds legal -","og_description":"&nbsp; 1- El titular d&#8217;aquest web \u00e9s LABOR ESTUDIO LEGAL, SCCL., amb N.I.F. F66754870, i domicili a la rambla Fiveller, 3 1er. 3a, 08100 de Mollet del Vall\u00e8s (Barcelona).2- L&#8217; acc\u00e8s al site de LABOR ESTUDIO LEGAL, SCCL. \u00e9s gratuito. Tot el contingut \u00e9s propietat intel\u00b7lectual de LABOR ESTUDIO LEGAL, SCCL.","og_url":"https:\/\/laborestudiolegal.com\/cat\/pagina-ejemplo\/","article_modified_time":"2024-02-14T11:13:02+00:00","twitter_card":"summary_large_image","twitter_misc":{"Tiempo de lectura":"1 minuto"},"schema":{"@context":"https:\/\/schema.org","@graph":[{"@type":"WebPage","@id":"https:\/\/laborestudiolegal.com\/cat\/pagina-ejemplo\/","url":"https:\/\/laborestudiolegal.com\/cat\/pagina-ejemplo\/","name":"Av\u00eds legal -","isPartOf":{"@id":"https:\/\/laborestudiolegal.com\/cat\/#website"},"datePublished":"2024-02-09T11:46:17+00:00","dateModified":"2024-02-14T11:13:02+00:00","breadcrumb":{"@id":"https:\/\/laborestudiolegal.com\/cat\/pagina-ejemplo\/#breadcrumb"},"inLanguage":"es","potentialAction":[{"@type":"ReadAction","target":["https:\/\/laborestudiolegal.com\/cat\/pagina-ejemplo\/"]}]},{"@type":"BreadcrumbList","@id":"https:\/\/laborestudiolegal.com\/cat\/pagina-ejemplo\/#breadcrumb","itemListElement":[{"@type":"ListItem","position":1,"name":"Portada","item":"https:\/\/laborestudiolegal.com\/cat\/"},{"@type":"ListItem","position":2,"name":"Av\u00eds legal"}]},{"@type":"WebSite","@id":"https:\/\/laborestudiolegal.com\/cat\/#website","url":"https:\/\/laborestudiolegal.com\/cat\/","name":"","description":"","potentialAction":[{"@type":"SearchAction","target":{"@type":"EntryPoint","urlTemplate":"https:\/\/laborestudiolegal.com\/cat\/?s={search_term_string}"},"query-input":{"@type":"PropertyValueSpecification","valueRequired":true,"valueName":"search_term_string"}}],"inLanguage":"es"}]}},"_links":{"self":[{"href":"https:\/\/laborestudiolegal.com\/cat\/wp-json\/wp\/v2\/pages\/2","targetHints":{"allow":["GET"]}}],"collection":[{"href":"https:\/\/laborestudiolegal.com\/cat\/wp-json\/wp\/v2\/pages"}],"about":[{"href":"https:\/\/laborestudiolegal.com\/cat\/wp-json\/wp\/v2\/types\/page"}],"author":[{"embeddable":true,"href":"https:\/\/laborestudiolegal.com\/cat\/wp-json\/wp\/v2\/users\/1"}],"replies":[{"embeddable":true,"href":"https:\/\/laborestudiolegal.com\/cat\/wp-json\/wp\/v2\/comments?post=2"}],"version-history":[{"count":3,"href":"https:\/\/laborestudiolegal.com\/cat\/wp-json\/wp\/v2\/pages\/2\/revisions"}],"predecessor-version":[{"id":268,"href":"https:\/\/laborestudiolegal.com\/cat\/wp-json\/wp\/v2\/pages\/2\/revisions\/268"}],"wp:attachment":[{"href":"https:\/\/laborestudiolegal.com\/cat\/wp-json\/wp\/v2\/media?parent=2"}],"curies":[{"name":"wp","href":"https:\/\/api.w.org\/{rel}","templated":true}]}}