{"id":19,"date":"2024-02-09T12:52:39","date_gmt":"2024-02-09T11:52:39","guid":{"rendered":"https:\/\/laborestudiolegal.com\/?page_id=19"},"modified":"2024-02-16T12:26:05","modified_gmt":"2024-02-16T11:26:05","slug":"qui-som","status":"publish","type":"page","link":"https:\/\/laborestudiolegal.com\/cat\/qui-som\/","title":{"rendered":"Qui Som"},"content":{"rendered":"\n<p>L&#8217;equip hum\u00e0 del despatx ho componen les seg\u00fcents persones:<\/p>\n\n\n\n<hr class=\"wp-block-separator has-alpha-channel-opacity\"\/>\n\n\n\n<div class=\"wp-block-media-text is-stacked-on-mobile\" style=\"grid-template-columns:24% auto\"><figure class=\"wp-block-media-text__media\"><img loading=\"lazy\" decoding=\"async\" width=\"681\" height=\"1024\" src=\"https:\/\/laborestudiolegal.com\/cat\/wp-content\/uploads\/2024\/02\/DSC_00241-Maria-681x1024.jpg\" alt=\"\" class=\"wp-image-188 size-full\" srcset=\"https:\/\/laborestudiolegal.com\/cat\/wp-content\/uploads\/2024\/02\/DSC_00241-Maria-681x1024.jpg 681w, https:\/\/laborestudiolegal.com\/cat\/wp-content\/uploads\/2024\/02\/DSC_00241-Maria-199x300.jpg 199w, https:\/\/laborestudiolegal.com\/cat\/wp-content\/uploads\/2024\/02\/DSC_00241-Maria-768x1155.jpg 768w, https:\/\/laborestudiolegal.com\/cat\/wp-content\/uploads\/2024\/02\/DSC_00241-Maria.jpg 1000w\" sizes=\"auto, (max-width: 681px) 100vw, 681px\" \/><\/figure><div class=\"wp-block-media-text__content\">\n<p><strong>Mar\u00eda Calvo Doblas<\/strong>, Llicenciada en Dret per la Universitat Pompeu Fabra (UPF) l&#8217;any 2008, curs de postgrau en la Escola de Pr\u00e0ctica de Jur\u00eddica del Il\u00b7lustre Col\u00b7legi d\u2019Advocats de Barcelona finalitzat en 2010, M\u00e0ster en Dret del Treball i de la Seguretat Social per l\u2019Institut d\u2019Educaci\u00f3 Cont\u00ednua de la UPF finalitzat en 2013, professora associada de Dret del Treball i de la Seguretat Social en la Universitat Pompeu Fabra des de 2012.<\/p>\n\n\n\n<p><strong>e-mail: <a href=\"mailto:maria.calvo@laborestudiolegal.com\" target=\"_blank\" rel=\"noreferrer noopener\">maria.calvo@laborestudiolegal.com<\/a><\/strong><\/p>\n<\/div><\/div>\n\n\n\n<hr class=\"wp-block-separator has-alpha-channel-opacity\"\/>\n\n\n\n<div class=\"wp-block-media-text is-stacked-on-mobile\" style=\"grid-template-columns:25% auto\"><figure class=\"wp-block-media-text__media\"><img loading=\"lazy\" decoding=\"async\" width=\"681\" height=\"1024\" src=\"https:\/\/laborestudiolegal.com\/cat\/wp-content\/uploads\/2024\/02\/DSC_00181-Pepa-681x1024.jpg\" alt=\"\" class=\"wp-image-189 size-full\" srcset=\"https:\/\/laborestudiolegal.com\/cat\/wp-content\/uploads\/2024\/02\/DSC_00181-Pepa-681x1024.jpg 681w, https:\/\/laborestudiolegal.com\/cat\/wp-content\/uploads\/2024\/02\/DSC_00181-Pepa-199x300.jpg 199w, https:\/\/laborestudiolegal.com\/cat\/wp-content\/uploads\/2024\/02\/DSC_00181-Pepa-768x1155.jpg 768w, https:\/\/laborestudiolegal.com\/cat\/wp-content\/uploads\/2024\/02\/DSC_00181-Pepa.jpg 1000w\" sizes=\"auto, (max-width: 681px) 100vw, 681px\" \/><\/figure><div class=\"wp-block-media-text__content\">\n<p><strong>Pepa Doblas Pinto,<\/strong>estudis de secretariat i comptabilitat.<\/p>\n\n\n\n<p><strong>e-mail:<a href=\"mailto:pepa@laborestudiolegal.com\"> pepa@laborestudiolegal.com<\/a><\/strong><\/p>\n<\/div><\/div>\n\n\n\n<hr class=\"wp-block-separator has-alpha-channel-opacity\"\/>\n\n\n\n<div class=\"wp-block-media-text is-stacked-on-mobile\" style=\"grid-template-columns:23% auto\"><figure class=\"wp-block-media-text__media\"><img loading=\"lazy\" decoding=\"async\" width=\"681\" height=\"1024\" src=\"https:\/\/laborestudiolegal.com\/cat\/wp-content\/uploads\/2024\/02\/DSC_0021-abilio-681x1024.jpg\" alt=\"\" class=\"wp-image-186 size-full\" srcset=\"https:\/\/laborestudiolegal.com\/cat\/wp-content\/uploads\/2024\/02\/DSC_0021-abilio-681x1024.jpg 681w, https:\/\/laborestudiolegal.com\/cat\/wp-content\/uploads\/2024\/02\/DSC_0021-abilio-199x300.jpg 199w, https:\/\/laborestudiolegal.com\/cat\/wp-content\/uploads\/2024\/02\/DSC_0021-abilio-768x1155.jpg 768w, https:\/\/laborestudiolegal.com\/cat\/wp-content\/uploads\/2024\/02\/DSC_0021-abilio.jpg 1000w\" sizes=\"auto, (max-width: 681px) 100vw, 681px\" \/><\/figure><div class=\"wp-block-media-text__content\">\n<p><\/p>\n\n\n\n<p><strong>Abilio Calvo Calmache,&nbsp;<\/strong>Llicenciat en Dret per la Universitat Aut\u00f2noma de Barcelona l&#8217;any 1976, M\u00e0ster en Empreses Cooperatives l&#8217;any 1988, professor associat de Dret del Treball i de la Seguretat Social a la Universitat Aut\u00f2noma de Barcelona (UAB) des de 1989 fins a 1993 i en la Universitat Pompeu Fabra (UPF) des de 1993 fins a 2008, consultor de Dret del Treball en la Universitat Oberta de Catalunya (UOC) des de 1999 fins a 2007 i tamb\u00e9 ha estat professor de Dret de Treball en l\u2019Escola de Pr\u00e0ctica Jur\u00eddica del Il\u00b7lustre Col\u00b7legi d&#8217;Advocats de Granollers i del M\u00e0ster del IDEC de Dret del Treball i la Seguretat Social . <br>Actualment est\u00e0 jubilat, si b\u00e9, col\u00b7labora puntualment.<\/p>\n\n\n\n<p><\/p>\n<\/div><\/div>\n\n\n\n<hr class=\"wp-block-separator has-alpha-channel-opacity\"\/>\n","protected":false},"excerpt":{"rendered":"<p>L&#8217;equip hum\u00e0 del despatx ho componen les seg\u00fcents persones: Mar\u00eda Calvo Doblas, Llicenciada en Dret per la Universitat Pompeu Fabra (UPF) l&#8217;any 2008, curs de postgrau en la Escola de Pr\u00e0ctica de Jur\u00eddica del Il\u00b7lustre Col\u00b7legi d\u2019Advocats de Barcelona finalitzat en 2010, M\u00e0ster en Dret del Treball i de la Seguretat Social per l\u2019Institut d\u2019Educaci\u00f3 [&hellip;]<\/p>\n","protected":false},"author":1,"featured_media":57,"parent":0,"menu_order":0,"comment_status":"closed","ping_status":"closed","template":"","meta":{"footnotes":""},"class_list":["post-19","page","type-page","status-publish","has-post-thumbnail","czr-hentry"],"yoast_head":"<!-- This site is optimized with the Yoast SEO plugin v24.9 - https:\/\/yoast.com\/wordpress\/plugins\/seo\/ -->\n<title>Qui Som -<\/title>\n<meta name=\"description\" content=\"L&#039;equip hum\u00e0 del despatx ho componen tres persones, dos advocats laboralistes i una administrativa.\" \/>\n<meta name=\"robots\" content=\"index, follow, max-snippet:-1, max-image-preview:large, max-video-preview:-1\" \/>\n<link rel=\"canonical\" href=\"https:\/\/laborestudiolegal.com\/cat\/qui-som\/\" \/>\n<meta property=\"og:locale\" content=\"es_ES\" \/>\n<meta property=\"og:type\" content=\"article\" \/>\n<meta property=\"og:title\" content=\"Qui Som -\" \/>\n<meta property=\"og:description\" content=\"L&#039;equip hum\u00e0 del despatx ho componen tres persones, dos advocats laboralistes i una administrativa.\" \/>\n<meta property=\"og:url\" content=\"https:\/\/laborestudiolegal.com\/cat\/qui-som\/\" \/>\n<meta property=\"article:modified_time\" content=\"2024-02-16T11:26:05+00:00\" \/>\n<meta property=\"og:image\" content=\"https:\/\/laborestudiolegal.com\/cat\/wp-content\/uploads\/2024\/02\/1137472651-8941-1.jpg\" \/>\n\t<meta property=\"og:image:width\" content=\"640\" \/>\n\t<meta property=\"og:image:height\" content=\"480\" \/>\n\t<meta property=\"og:image:type\" content=\"image\/jpeg\" \/>\n<meta name=\"twitter:card\" content=\"summary_large_image\" \/>\n<meta name=\"twitter:label1\" content=\"Tiempo de lectura\" \/>\n\t<meta name=\"twitter:data1\" content=\"2 minutos\" \/>\n<script type=\"application\/ld+json\" class=\"yoast-schema-graph\">{\"@context\":\"https:\/\/schema.org\",\"@graph\":[{\"@type\":\"WebPage\",\"@id\":\"https:\/\/laborestudiolegal.com\/cat\/qui-som\/\",\"url\":\"https:\/\/laborestudiolegal.com\/cat\/qui-som\/\",\"name\":\"Qui Som -\",\"isPartOf\":{\"@id\":\"https:\/\/laborestudiolegal.com\/cat\/#website\"},\"primaryImageOfPage\":{\"@id\":\"https:\/\/laborestudiolegal.com\/cat\/qui-som\/#primaryimage\"},\"image\":{\"@id\":\"https:\/\/laborestudiolegal.com\/cat\/qui-som\/#primaryimage\"},\"thumbnailUrl\":\"https:\/\/laborestudiolegal.com\/cat\/wp-content\/uploads\/2024\/02\/1137472651-8941-1.jpg\",\"datePublished\":\"2024-02-09T11:52:39+00:00\",\"dateModified\":\"2024-02-16T11:26:05+00:00\",\"description\":\"L'equip hum\u00e0 del despatx ho componen tres persones, dos advocats laboralistes i una administrativa.\",\"breadcrumb\":{\"@id\":\"https:\/\/laborestudiolegal.com\/cat\/qui-som\/#breadcrumb\"},\"inLanguage\":\"es\",\"potentialAction\":[{\"@type\":\"ReadAction\",\"target\":[\"https:\/\/laborestudiolegal.com\/cat\/qui-som\/\"]}]},{\"@type\":\"ImageObject\",\"inLanguage\":\"es\",\"@id\":\"https:\/\/laborestudiolegal.com\/cat\/qui-som\/#primaryimage\",\"url\":\"https:\/\/laborestudiolegal.com\/cat\/wp-content\/uploads\/2024\/02\/1137472651-8941-1.jpg\",\"contentUrl\":\"https:\/\/laborestudiolegal.com\/cat\/wp-content\/uploads\/2024\/02\/1137472651-8941-1.jpg\",\"width\":640,\"height\":480},{\"@type\":\"BreadcrumbList\",\"@id\":\"https:\/\/laborestudiolegal.com\/cat\/qui-som\/#breadcrumb\",\"itemListElement\":[{\"@type\":\"ListItem\",\"position\":1,\"name\":\"Portada\",\"item\":\"https:\/\/laborestudiolegal.com\/cat\/\"},{\"@type\":\"ListItem\",\"position\":2,\"name\":\"Qui Som\"}]},{\"@type\":\"WebSite\",\"@id\":\"https:\/\/laborestudiolegal.com\/cat\/#website\",\"url\":\"https:\/\/laborestudiolegal.com\/cat\/\",\"name\":\"\",\"description\":\"\",\"potentialAction\":[{\"@type\":\"SearchAction\",\"target\":{\"@type\":\"EntryPoint\",\"urlTemplate\":\"https:\/\/laborestudiolegal.com\/cat\/?s={search_term_string}\"},\"query-input\":{\"@type\":\"PropertyValueSpecification\",\"valueRequired\":true,\"valueName\":\"search_term_string\"}}],\"inLanguage\":\"es\"}]}<\/script>\n<!-- \/ Yoast SEO plugin. -->","yoast_head_json":{"title":"Qui Som -","description":"L'equip hum\u00e0 del despatx ho componen tres persones, dos advocats laboralistes i una administrativa.","robots":{"index":"index","follow":"follow","max-snippet":"max-snippet:-1","max-image-preview":"max-image-preview:large","max-video-preview":"max-video-preview:-1"},"canonical":"https:\/\/laborestudiolegal.com\/cat\/qui-som\/","og_locale":"es_ES","og_type":"article","og_title":"Qui Som -","og_description":"L'equip hum\u00e0 del despatx ho componen tres persones, dos advocats laboralistes i una administrativa.","og_url":"https:\/\/laborestudiolegal.com\/cat\/qui-som\/","article_modified_time":"2024-02-16T11:26:05+00:00","og_image":[{"width":640,"height":480,"url":"https:\/\/laborestudiolegal.com\/cat\/wp-content\/uploads\/2024\/02\/1137472651-8941-1.jpg","type":"image\/jpeg"}],"twitter_card":"summary_large_image","twitter_misc":{"Tiempo de lectura":"2 minutos"},"schema":{"@context":"https:\/\/schema.org","@graph":[{"@type":"WebPage","@id":"https:\/\/laborestudiolegal.com\/cat\/qui-som\/","url":"https:\/\/laborestudiolegal.com\/cat\/qui-som\/","name":"Qui Som -","isPartOf":{"@id":"https:\/\/laborestudiolegal.com\/cat\/#website"},"primaryImageOfPage":{"@id":"https:\/\/laborestudiolegal.com\/cat\/qui-som\/#primaryimage"},"image":{"@id":"https:\/\/laborestudiolegal.com\/cat\/qui-som\/#primaryimage"},"thumbnailUrl":"https:\/\/laborestudiolegal.com\/cat\/wp-content\/uploads\/2024\/02\/1137472651-8941-1.jpg","datePublished":"2024-02-09T11:52:39+00:00","dateModified":"2024-02-16T11:26:05+00:00","description":"L'equip hum\u00e0 del despatx ho componen tres persones, dos advocats laboralistes i una administrativa.","breadcrumb":{"@id":"https:\/\/laborestudiolegal.com\/cat\/qui-som\/#breadcrumb"},"inLanguage":"es","potentialAction":[{"@type":"ReadAction","target":["https:\/\/laborestudiolegal.com\/cat\/qui-som\/"]}]},{"@type":"ImageObject","inLanguage":"es","@id":"https:\/\/laborestudiolegal.com\/cat\/qui-som\/#primaryimage","url":"https:\/\/laborestudiolegal.com\/cat\/wp-content\/uploads\/2024\/02\/1137472651-8941-1.jpg","contentUrl":"https:\/\/laborestudiolegal.com\/cat\/wp-content\/uploads\/2024\/02\/1137472651-8941-1.jpg","width":640,"height":480},{"@type":"BreadcrumbList","@id":"https:\/\/laborestudiolegal.com\/cat\/qui-som\/#breadcrumb","itemListElement":[{"@type":"ListItem","position":1,"name":"Portada","item":"https:\/\/laborestudiolegal.com\/cat\/"},{"@type":"ListItem","position":2,"name":"Qui Som"}]},{"@type":"WebSite","@id":"https:\/\/laborestudiolegal.com\/cat\/#website","url":"https:\/\/laborestudiolegal.com\/cat\/","name":"","description":"","potentialAction":[{"@type":"SearchAction","target":{"@type":"EntryPoint","urlTemplate":"https:\/\/laborestudiolegal.com\/cat\/?s={search_term_string}"},"query-input":{"@type":"PropertyValueSpecification","valueRequired":true,"valueName":"search_term_string"}}],"inLanguage":"es"}]}},"_links":{"self":[{"href":"https:\/\/laborestudiolegal.com\/cat\/wp-json\/wp\/v2\/pages\/19","targetHints":{"allow":["GET"]}}],"collection":[{"href":"https:\/\/laborestudiolegal.com\/cat\/wp-json\/wp\/v2\/pages"}],"about":[{"href":"https:\/\/laborestudiolegal.com\/cat\/wp-json\/wp\/v2\/types\/page"}],"author":[{"embeddable":true,"href":"https:\/\/laborestudiolegal.com\/cat\/wp-json\/wp\/v2\/users\/1"}],"replies":[{"embeddable":true,"href":"https:\/\/laborestudiolegal.com\/cat\/wp-json\/wp\/v2\/comments?post=19"}],"version-history":[{"count":14,"href":"https:\/\/laborestudiolegal.com\/cat\/wp-json\/wp\/v2\/pages\/19\/revisions"}],"predecessor-version":[{"id":291,"href":"https:\/\/laborestudiolegal.com\/cat\/wp-json\/wp\/v2\/pages\/19\/revisions\/291"}],"wp:featuredmedia":[{"embeddable":true,"href":"https:\/\/laborestudiolegal.com\/cat\/wp-json\/wp\/v2\/media\/57"}],"wp:attachment":[{"href":"https:\/\/laborestudiolegal.com\/cat\/wp-json\/wp\/v2\/media?parent=19"}],"curies":[{"name":"wp","href":"https:\/\/api.w.org\/{rel}","templated":true}]}}