{"id":17,"date":"2024-02-09T12:52:21","date_gmt":"2024-02-09T11:52:21","guid":{"rendered":"https:\/\/laborestudiolegal.com\/?page_id=17"},"modified":"2024-02-15T10:17:02","modified_gmt":"2024-02-15T09:17:02","slug":"presentacio-dret-del-treball","status":"publish","type":"page","link":"https:\/\/laborestudiolegal.com\/cat\/presentacio-dret-del-treball\/","title":{"rendered":"Presentaci\u00f3"},"content":{"rendered":"\n<p>El despatx es va fundar a Mollet del Vall\u00e9s, l&#8217;any 1980 per Abilio Calvo, advocat laboralista, qui havia prestat serveis en l&#8217;assessoria jur\u00eddica d&#8217;un sindicat, amb el prop\u00f2sit de prestar assessorament jur\u00eddic a treballadors.<\/p>\n\n\n\n<p>Des de la seva fundaci\u00f3, el despatx t\u00e9 com a especialitzaci\u00f3 prestar assessorament jur\u00eddic en assumptes sobre Dret del Treball i de la Seguretat Social, aix\u00ed com en temes de dret cooperatiu.<\/p>\n\n\n\n<p>Actualment \u00e9s una societat cooperativa de treball associat i la seva denominaci\u00f3 \u00e9s \u00abLABOR ESTUDIO LEGAL SCCL\u201d, mantenint-se la l\u00ednia ideol\u00f2gica inicial d&#8217;actuaci\u00f3 de defensa exclusiva dels drets dels treballadors i beneficiaris de la Seguretat Social.<\/p>\n\n\n<div class=\"wp-block-image\">\n<figure class=\"alignleft size-full is-resized\"><img loading=\"lazy\" decoding=\"async\" width=\"210\" height=\"100\" src=\"https:\/\/laborestudiolegal.com\/cat\/wp-content\/uploads\/2024\/02\/logo1.jpg\" alt=\"\" class=\"wp-image-7\" style=\"width:250px;height:auto\"\/><\/figure>\n<\/div>","protected":false},"excerpt":{"rendered":"<p>El despatx es va fundar a Mollet del Vall\u00e9s, l&#8217;any 1980 per Abilio Calvo, advocat laboralista, qui havia prestat serveis en l&#8217;assessoria jur\u00eddica d&#8217;un sindicat, amb el prop\u00f2sit de prestar assessorament jur\u00eddic a treballadors. Des de la seva fundaci\u00f3, el despatx t\u00e9 com a especialitzaci\u00f3 prestar assessorament jur\u00eddic en assumptes sobre Dret del Treball i [&hellip;]<\/p>\n","protected":false},"author":1,"featured_media":59,"parent":0,"menu_order":0,"comment_status":"closed","ping_status":"closed","template":"","meta":{"footnotes":""},"class_list":["post-17","page","type-page","status-publish","has-post-thumbnail","czr-hentry"],"yoast_head":"<!-- This site is optimized with the Yoast SEO plugin v24.9 - https:\/\/yoast.com\/wordpress\/plugins\/seo\/ -->\n<title>Presentaci\u00f3 -<\/title>\n<meta name=\"description\" content=\"Despatx fundat a Mollet del Vall\u00e8s, l&#039;any 1980 per Abilio Calvo, advocat laboralista, qui havia prestat serveis en l&#039;assessoria jur\u00eddica d&#039;un sindicat, amb el prop\u00f2sit de prestar assessorament jur\u00eddic a treballadors.\" \/>\n<meta name=\"robots\" content=\"index, follow, max-snippet:-1, max-image-preview:large, max-video-preview:-1\" \/>\n<link rel=\"canonical\" href=\"https:\/\/laborestudiolegal.com\/cat\/presentacio-dret-del-treball\/\" \/>\n<meta property=\"og:locale\" content=\"es_ES\" \/>\n<meta property=\"og:type\" content=\"article\" \/>\n<meta property=\"og:title\" content=\"Presentaci\u00f3 -\" \/>\n<meta property=\"og:description\" content=\"Despatx fundat a Mollet del Vall\u00e8s, l&#039;any 1980 per Abilio Calvo, advocat laboralista, qui havia prestat serveis en l&#039;assessoria jur\u00eddica d&#039;un sindicat, amb el prop\u00f2sit de prestar assessorament jur\u00eddic a treballadors.\" \/>\n<meta property=\"og:url\" content=\"https:\/\/laborestudiolegal.com\/cat\/presentacio-dret-del-treball\/\" \/>\n<meta property=\"article:modified_time\" content=\"2024-02-15T09:17:02+00:00\" \/>\n<meta property=\"og:image\" content=\"https:\/\/laborestudiolegal.com\/cat\/wp-content\/uploads\/2024\/02\/Copia-de-logo.jpg\" \/>\n\t<meta property=\"og:image:width\" content=\"300\" \/>\n\t<meta property=\"og:image:height\" content=\"184\" \/>\n\t<meta property=\"og:image:type\" content=\"image\/jpeg\" \/>\n<meta name=\"twitter:card\" content=\"summary_large_image\" \/>\n<meta name=\"twitter:label1\" content=\"Tiempo de lectura\" \/>\n\t<meta name=\"twitter:data1\" content=\"1 minuto\" \/>\n<script type=\"application\/ld+json\" class=\"yoast-schema-graph\">{\"@context\":\"https:\/\/schema.org\",\"@graph\":[{\"@type\":\"WebPage\",\"@id\":\"https:\/\/laborestudiolegal.com\/cat\/presentacio-dret-del-treball\/\",\"url\":\"https:\/\/laborestudiolegal.com\/cat\/presentacio-dret-del-treball\/\",\"name\":\"Presentaci\u00f3 -\",\"isPartOf\":{\"@id\":\"https:\/\/laborestudiolegal.com\/cat\/#website\"},\"primaryImageOfPage\":{\"@id\":\"https:\/\/laborestudiolegal.com\/cat\/presentacio-dret-del-treball\/#primaryimage\"},\"image\":{\"@id\":\"https:\/\/laborestudiolegal.com\/cat\/presentacio-dret-del-treball\/#primaryimage\"},\"thumbnailUrl\":\"https:\/\/laborestudiolegal.com\/cat\/wp-content\/uploads\/2024\/02\/Copia-de-logo.jpg\",\"datePublished\":\"2024-02-09T11:52:21+00:00\",\"dateModified\":\"2024-02-15T09:17:02+00:00\",\"description\":\"Despatx fundat a Mollet del Vall\u00e8s, l'any 1980 per Abilio Calvo, advocat laboralista, qui havia prestat serveis en l'assessoria jur\u00eddica d'un sindicat, amb el prop\u00f2sit de prestar assessorament jur\u00eddic a treballadors.\",\"breadcrumb\":{\"@id\":\"https:\/\/laborestudiolegal.com\/cat\/presentacio-dret-del-treball\/#breadcrumb\"},\"inLanguage\":\"es\",\"potentialAction\":[{\"@type\":\"ReadAction\",\"target\":[\"https:\/\/laborestudiolegal.com\/cat\/presentacio-dret-del-treball\/\"]}]},{\"@type\":\"ImageObject\",\"inLanguage\":\"es\",\"@id\":\"https:\/\/laborestudiolegal.com\/cat\/presentacio-dret-del-treball\/#primaryimage\",\"url\":\"https:\/\/laborestudiolegal.com\/cat\/wp-content\/uploads\/2024\/02\/Copia-de-logo.jpg\",\"contentUrl\":\"https:\/\/laborestudiolegal.com\/cat\/wp-content\/uploads\/2024\/02\/Copia-de-logo.jpg\",\"width\":300,\"height\":184},{\"@type\":\"BreadcrumbList\",\"@id\":\"https:\/\/laborestudiolegal.com\/cat\/presentacio-dret-del-treball\/#breadcrumb\",\"itemListElement\":[{\"@type\":\"ListItem\",\"position\":1,\"name\":\"Portada\",\"item\":\"https:\/\/laborestudiolegal.com\/cat\/\"},{\"@type\":\"ListItem\",\"position\":2,\"name\":\"Presentaci\u00f3\"}]},{\"@type\":\"WebSite\",\"@id\":\"https:\/\/laborestudiolegal.com\/cat\/#website\",\"url\":\"https:\/\/laborestudiolegal.com\/cat\/\",\"name\":\"\",\"description\":\"\",\"potentialAction\":[{\"@type\":\"SearchAction\",\"target\":{\"@type\":\"EntryPoint\",\"urlTemplate\":\"https:\/\/laborestudiolegal.com\/cat\/?s={search_term_string}\"},\"query-input\":{\"@type\":\"PropertyValueSpecification\",\"valueRequired\":true,\"valueName\":\"search_term_string\"}}],\"inLanguage\":\"es\"}]}<\/script>\n<!-- \/ Yoast SEO plugin. -->","yoast_head_json":{"title":"Presentaci\u00f3 -","description":"Despatx fundat a Mollet del Vall\u00e8s, l'any 1980 per Abilio Calvo, advocat laboralista, qui havia prestat serveis en l'assessoria jur\u00eddica d'un sindicat, amb el prop\u00f2sit de prestar assessorament jur\u00eddic a treballadors.","robots":{"index":"index","follow":"follow","max-snippet":"max-snippet:-1","max-image-preview":"max-image-preview:large","max-video-preview":"max-video-preview:-1"},"canonical":"https:\/\/laborestudiolegal.com\/cat\/presentacio-dret-del-treball\/","og_locale":"es_ES","og_type":"article","og_title":"Presentaci\u00f3 -","og_description":"Despatx fundat a Mollet del Vall\u00e8s, l'any 1980 per Abilio Calvo, advocat laboralista, qui havia prestat serveis en l'assessoria jur\u00eddica d'un sindicat, amb el prop\u00f2sit de prestar assessorament jur\u00eddic a treballadors.","og_url":"https:\/\/laborestudiolegal.com\/cat\/presentacio-dret-del-treball\/","article_modified_time":"2024-02-15T09:17:02+00:00","og_image":[{"width":300,"height":184,"url":"https:\/\/laborestudiolegal.com\/cat\/wp-content\/uploads\/2024\/02\/Copia-de-logo.jpg","type":"image\/jpeg"}],"twitter_card":"summary_large_image","twitter_misc":{"Tiempo de lectura":"1 minuto"},"schema":{"@context":"https:\/\/schema.org","@graph":[{"@type":"WebPage","@id":"https:\/\/laborestudiolegal.com\/cat\/presentacio-dret-del-treball\/","url":"https:\/\/laborestudiolegal.com\/cat\/presentacio-dret-del-treball\/","name":"Presentaci\u00f3 -","isPartOf":{"@id":"https:\/\/laborestudiolegal.com\/cat\/#website"},"primaryImageOfPage":{"@id":"https:\/\/laborestudiolegal.com\/cat\/presentacio-dret-del-treball\/#primaryimage"},"image":{"@id":"https:\/\/laborestudiolegal.com\/cat\/presentacio-dret-del-treball\/#primaryimage"},"thumbnailUrl":"https:\/\/laborestudiolegal.com\/cat\/wp-content\/uploads\/2024\/02\/Copia-de-logo.jpg","datePublished":"2024-02-09T11:52:21+00:00","dateModified":"2024-02-15T09:17:02+00:00","description":"Despatx fundat a Mollet del Vall\u00e8s, l'any 1980 per Abilio Calvo, advocat laboralista, qui havia prestat serveis en l'assessoria jur\u00eddica d'un sindicat, amb el prop\u00f2sit de prestar assessorament jur\u00eddic a treballadors.","breadcrumb":{"@id":"https:\/\/laborestudiolegal.com\/cat\/presentacio-dret-del-treball\/#breadcrumb"},"inLanguage":"es","potentialAction":[{"@type":"ReadAction","target":["https:\/\/laborestudiolegal.com\/cat\/presentacio-dret-del-treball\/"]}]},{"@type":"ImageObject","inLanguage":"es","@id":"https:\/\/laborestudiolegal.com\/cat\/presentacio-dret-del-treball\/#primaryimage","url":"https:\/\/laborestudiolegal.com\/cat\/wp-content\/uploads\/2024\/02\/Copia-de-logo.jpg","contentUrl":"https:\/\/laborestudiolegal.com\/cat\/wp-content\/uploads\/2024\/02\/Copia-de-logo.jpg","width":300,"height":184},{"@type":"BreadcrumbList","@id":"https:\/\/laborestudiolegal.com\/cat\/presentacio-dret-del-treball\/#breadcrumb","itemListElement":[{"@type":"ListItem","position":1,"name":"Portada","item":"https:\/\/laborestudiolegal.com\/cat\/"},{"@type":"ListItem","position":2,"name":"Presentaci\u00f3"}]},{"@type":"WebSite","@id":"https:\/\/laborestudiolegal.com\/cat\/#website","url":"https:\/\/laborestudiolegal.com\/cat\/","name":"","description":"","potentialAction":[{"@type":"SearchAction","target":{"@type":"EntryPoint","urlTemplate":"https:\/\/laborestudiolegal.com\/cat\/?s={search_term_string}"},"query-input":{"@type":"PropertyValueSpecification","valueRequired":true,"valueName":"search_term_string"}}],"inLanguage":"es"}]}},"_links":{"self":[{"href":"https:\/\/laborestudiolegal.com\/cat\/wp-json\/wp\/v2\/pages\/17","targetHints":{"allow":["GET"]}}],"collection":[{"href":"https:\/\/laborestudiolegal.com\/cat\/wp-json\/wp\/v2\/pages"}],"about":[{"href":"https:\/\/laborestudiolegal.com\/cat\/wp-json\/wp\/v2\/types\/page"}],"author":[{"embeddable":true,"href":"https:\/\/laborestudiolegal.com\/cat\/wp-json\/wp\/v2\/users\/1"}],"replies":[{"embeddable":true,"href":"https:\/\/laborestudiolegal.com\/cat\/wp-json\/wp\/v2\/comments?post=17"}],"version-history":[{"count":6,"href":"https:\/\/laborestudiolegal.com\/cat\/wp-json\/wp\/v2\/pages\/17\/revisions"}],"predecessor-version":[{"id":273,"href":"https:\/\/laborestudiolegal.com\/cat\/wp-json\/wp\/v2\/pages\/17\/revisions\/273"}],"wp:featuredmedia":[{"embeddable":true,"href":"https:\/\/laborestudiolegal.com\/cat\/wp-json\/wp\/v2\/media\/59"}],"wp:attachment":[{"href":"https:\/\/laborestudiolegal.com\/cat\/wp-json\/wp\/v2\/media?parent=17"}],"curies":[{"name":"wp","href":"https:\/\/api.w.org\/{rel}","templated":true}]}}